{"id":866,"date":"2017-08-01T10:49:59","date_gmt":"2017-08-01T08:49:59","guid":{"rendered":"http:\/\/www.prohart.at\/wordpress\/?page_id=866"},"modified":"2024-05-17T13:57:58","modified_gmt":"2024-05-17T11:57:58","slug":"agbs","status":"publish","type":"page","link":"https:\/\/www.prohart.at\/index.php\/impressum-2107\/agbs\/","title":{"rendered":"AGB\u00b4S"},"content":{"rendered":"<p style=\"text-align: center;\"><span style=\"font-size: 14pt; font-family: arial,helvetica,sans-serif;\">Die AGB\u00b4s von <\/span><\/p>\n<p style=\"text-align: center;\"><span style=\"font-size: 14pt; font-family: arial,helvetica,sans-serif;\"><strong>Mag. Andreas W. Prohart<\/strong> <\/span><\/p>\n<p style=\"text-align: center;\"><span style=\"font-size: 14pt; font-family: arial,helvetica,sans-serif;\"><strong>Fotografie und Videoproduktion<\/strong> <\/span><\/p>\n<p style=\"text-align: center;\"><span style=\"font-size: 14pt; font-family: arial,helvetica,sans-serif;\">gehen mit den AGB\u00b4S<sup>*<\/sup> f\u00fcr Berufsfotografen der WKO K\u00e4rnten einher<br \/>\n<span style=\"font-size: 10pt;\"><sup>*<\/sup>(Muster angepasst &amp; optimiert\u00a0 )<\/span><br \/>\n<\/span><\/p>\n<ol>\n<li style=\"text-align: center;\"><span style=\"font-family: arial,helvetica,sans-serif;\"><a href=\"https:\/\/www.prohart.at\/wp-content\/uploads\/2021\/05\/Prohart_AGB\u00b4S-fuer-Unternehmensgeschaefte-2021.pdf\" data-wplink-edit=\"true\">Allgemeine Gesch\u00e4ftsbedingungen f\u00fcr Unternehmergesch\u00e4fte<\/a><\/span><\/li>\n<li style=\"text-align: center;\"><span style=\"font-family: arial,helvetica,sans-serif;\"><a href=\"https:\/\/www.prohart.at\/wp-content\/uploads\/2018\/08\/AGB-f\u00fcr-verbrauchergesch\u00e4fte-prohart-fertig.pdf\">Allgemeine Gesch\u00e4ftsbedingungen f\u00fcr Verbrauchergesch\u00e4fte<\/a><\/span><\/li>\n<li style=\"text-align: center;\"><span style=\"font-family: arial,helvetica,sans-serif;\"><a href=\"https:\/\/www.wko.at\/branchen\/k\/gewerbe-handwerk\/berufsfotografen\/Formular_Widerrufsbelehrung-Dienstleistungsauftrag-mit-Lo_2.pdf\">Information zur Aus\u00fcbung des Wiederrufrechts bei Dienstleistungsauftr\u00e4gen<\/a><\/span><\/li>\n<li style=\"text-align: center;\"><a href=\"https:\/\/www.wko.at\/branchen\/k\/gewerbe-handwerk\/berufsfotografen\/Formular_Widerrufsbelehrung-Warenlieferung-mit-Logo-und-E_2.pdf\"><span style=\"font-family: arial,helvetica,sans-serif;\">Information zur Aus\u00fcbung des Wiederrufrechts bei Warenlieferungen<\/span><\/a><\/li>\n<\/ol>\n<p align=\"JUSTIFY\"><b><br \/>\n<\/b><b><br \/>\n<\/b><\/p>\n<div class=\"textLayer\"><\/div>\n","protected":false},"excerpt":{"rendered":"<p>Die AGB\u00b4s von Mag. Andreas W. Prohart Fotografie und Videoproduktion gehen mit den AGB\u00b4S* f\u00fcr Berufsfotografen der WKO K\u00e4rnten einher *(Muster angepasst &amp; optimiert\u00a0 ) Allgemeine Gesch\u00e4ftsbedingungen f\u00fcr Unternehmergesch\u00e4fte Allgemeine Gesch\u00e4ftsbedingungen f\u00fcr Verbrauchergesch\u00e4fte Information zur Aus\u00fcbung des Wiederrufrechts bei Dienstleistungsauftr\u00e4gen Information zur Aus\u00fcbung des Wiederrufrechts bei Warenlieferungen<\/p>\n","protected":false},"author":2,"featured_media":0,"parent":713,"menu_order":0,"comment_status":"closed","ping_status":"closed","template":"","meta":{"footnotes":""},"class_list":["post-866","page","type-page","status-publish","hentry"],"_links":{"self":[{"href":"https:\/\/www.prohart.at\/index.php\/wp-json\/wp\/v2\/pages\/866","targetHints":{"allow":["GET"]}}],"collection":[{"href":"https:\/\/www.prohart.at\/index.php\/wp-json\/wp\/v2\/pages"}],"about":[{"href":"https:\/\/www.prohart.at\/index.php\/wp-json\/wp\/v2\/types\/page"}],"author":[{"embeddable":true,"href":"https:\/\/www.prohart.at\/index.php\/wp-json\/wp\/v2\/users\/2"}],"replies":[{"embeddable":true,"href":"https:\/\/www.prohart.at\/index.php\/wp-json\/wp\/v2\/comments?post=866"}],"version-history":[{"count":10,"href":"https:\/\/www.prohart.at\/index.php\/wp-json\/wp\/v2\/pages\/866\/revisions"}],"predecessor-version":[{"id":1364,"href":"https:\/\/www.prohart.at\/index.php\/wp-json\/wp\/v2\/pages\/866\/revisions\/1364"}],"up":[{"embeddable":true,"href":"https:\/\/www.prohart.at\/index.php\/wp-json\/wp\/v2\/pages\/713"}],"wp:attachment":[{"href":"https:\/\/www.prohart.at\/index.php\/wp-json\/wp\/v2\/media?parent=866"}],"curies":[{"name":"wp","href":"https:\/\/api.w.org\/{rel}","templated":true}]}}