{"id":238,"date":"2014-10-13T12:01:16","date_gmt":"2014-10-13T10:01:16","guid":{"rendered":"http:\/\/www.prohart.at\/wordpress\/?page_id=238"},"modified":"2021-09-09T09:30:42","modified_gmt":"2021-09-09T07:30:42","slug":"location-management","status":"publish","type":"page","link":"https:\/\/www.prohart.at\/index.php\/location-management\/","title":{"rendered":"Location-Service"},"content":{"rendered":"<p><span style=\"font-family: arial,helvetica,sans-serif;\"><span style=\"font-size: 12pt;\">Es war so gegen Ende der Neunziger, als ich das erste Mal auf einem echtem Filmset stand und dort mein t\u00e4glich Brot verdiente&#8230; Und wie so oft als Kabeltr\u00e4ger wurde ich auf Grund meiner technischen Ausbildung als Elekrotechniker bald Beleuchter und Produktionsassistent bei zahlreichen K\u00e4rntner\u00a0<span style=\"color: #3366ff;\"><a href=\"https:\/\/www.prohart.at\/index.php\/home\/filmproduktionen\/\">Film-Produktionen<\/a>.<\/span><br \/>\n<\/span>[ezcol_1third]<\/span><\/p>\n<div id=\"bca94TnBkj\" data-borlabs-cookie-blocked-content>\n<div class=\"borlabs-cookie-bct-default\">\n<p>Klicken Sie auf den unteren Button, um den Inhalt von flic.kr zu laden.<br \/> <a role=\"button\" data-borlabs-cookie-unblock>Inhalt laden<\/a><\/p>\n<\/p><\/div>\n<\/div>\n<p><span style=\"font-family: arial,helvetica,sans-serif;\">[\/ezcol_1third] [ezcol_1third]<\/span><\/p>\n<div id=\"bcnpbLL0ls\" data-borlabs-cookie-blocked-content>\n<div class=\"borlabs-cookie-bct-default\">\n<p>Klicken Sie auf den unteren Button, um den Inhalt von flic.kr zu laden.<br \/> <a role=\"button\" data-borlabs-cookie-unblock>Inhalt laden<\/a><\/p>\n<\/p><\/div>\n<\/div>\n<p><span style=\"font-family: arial,helvetica,sans-serif;\">[\/ezcol_1third] [ezcol_1third_end]<\/span><\/p>\n<div id=\"bcMEM6qFEz\" data-borlabs-cookie-blocked-content>\n<div class=\"borlabs-cookie-bct-default\">\n<p>Klicken Sie auf den unteren Button, um den Inhalt von flic.kr zu laden.<br \/> <a role=\"button\" data-borlabs-cookie-unblock>Inhalt laden<\/a><\/p>\n<\/p><\/div>\n<\/div>\n<p><span style=\"font-family: arial,helvetica,sans-serif;\">[\/ezcol_1third_end]<\/span><\/p>\n<h2 style=\"text-align: left;\"><span style=\"font-family: arial,helvetica,sans-serif; font-size: 18pt;\"><span style=\"color: #000000;\">Location-Service ist Organisation von:<\/span><span style=\"color: #0000ff;\"><br \/>\n<\/span><\/span><\/h2>\n<p style=\"text-align: justify;\"><span style=\"font-family: arial,helvetica,sans-serif;\"><span style=\"font-size: 8pt;\">[ezcol_1third]<\/span><span style=\"font-size: 10pt;\"> <span style=\"font-size: 12pt;\">Produktionsb\u00fcros, Quartieren, Filmwerkst\u00e4tten, Gardaroben- &amp; Maskenr\u00e4umen etc.<\/span><br \/>\n<\/span><span style=\"font-size: 8pt;\">[\/ezcol_1third] [ezcol_1third]<\/span> <span style=\"font-size: 10pt;\"><span style=\"font-size: 12pt;\">\u00d6ffentlichkeits-Arbeit<\/span><br \/>\n<span style=\"font-size: 10pt;\"><em>(Presse F\u00fchrungen,\u00a0 Standfotos, Information von Anrainern und Verkehrsteilnehmern etc<\/em>)<\/span><\/span><span style=\"font-size: 8pt;\">[\/ezcol_1third] [ezcol_1third_end]<\/span><span style=\"font-size: 10pt;\"><span style=\"font-size: 12pt;\">Termingerechte Errichtung von Stra\u00dfensperren &amp; Parkverboten<\/span> (<em><span style=\"font-size: 10pt;\">in Kooperation mit den \u00f6rtlichen Beh\u00f6rden <\/span><\/em><\/span>)<\/span><br \/>\n<span style=\"font-size: 8pt; font-family: arial,helvetica,sans-serif;\"> [ezcol_1third][\/ezcol_1third_end][ezcol_1third]<\/span><\/p>\n<p style=\"text-align: justify;\"><span style=\"font-family: arial,helvetica,sans-serif;\">[ezcol_1third]<span style=\"font-size: 10pt;\"><span style=\"font-size: 10pt;\"><span style=\"font-size: 12pt;\">Erhebung sicherheitsrelevanter Aspekte an Land und zu\/unter Wasser<\/span><br \/>\n<em>(Feuerwehr\/Bergf\u00fchrer\/Taucher)<\/em><\/span><\/span><span style=\"font-size: 8pt;\">[\/ezcol_1third] [ezcol_1third]<\/span><\/span><\/p>\n<div id=\"bcUKQBPUhC\" data-borlabs-cookie-blocked-content>\n<div class=\"borlabs-cookie-bct-default\">\n<p>Klicken Sie auf den unteren Button, um den Inhalt von flic.kr zu laden.<br \/> <a role=\"button\" data-borlabs-cookie-unblock>Inhalt laden<\/a><\/p>\n<\/p><\/div>\n<\/div>\n<p style=\"text-align: justify;\"><span style=\"font-size: 8pt; font-family: arial,helvetica,sans-serif;\">[\/ezcol_1third] [ezcol_1third_end]<\/span><br \/>\n<span style=\"font-family: arial,helvetica,sans-serif;\"> <span style=\"font-size: 8pt;\"><span style=\"font-size: 12pt;\">Vermittlung von Filmschaffenden aus K\u00e4rnten <em><span style=\"font-size: 10pt;\">(Kameramann 2<sup>nd<\/sup> \/3<sup>rd<\/sup>&#8211; Unit, Unterwasser- und Luftbildspezialisten, (Zusatz)Beleuchter, Standfotografen, Produktionsfahrer, Absperr-Personal etc.) <\/span><\/em><\/span>[\/ezcol_1third_end]<\/span> <span style=\"font-size: 8pt;\">[ezcol_1third]<\/span><span style=\"font-size: 10pt;\"><span style=\"font-size: 12pt;\">Motiv Begebenheiten<\/span><br \/>\n<em><span style=\"font-size: 10pt;\">(Ort, Erreichbarkeit, Gewichtsbeschr\u00e4nkungen Logistik, Parkpl\u00e4tze, Strom-&amp; Wasserversorgung)<\/span><\/em><\/span><span style=\"font-size: 8pt;\">[\/ezcol_1third] [ezcol_1third]<\/span><span style=\"font-size: 10pt;\"><span style=\"font-size: 12pt;\">Motiv Testaufnahmen<\/span><strong><span style=\"font-size: 12pt;\"><span style=\"color: #99cc00;\"><br \/>\n<\/span><\/span><\/strong><span style=\"font-size: 10pt;\">(Foto \/ Video )<\/span><\/span><span style=\"font-size: 8pt;\">[\/ezcol_1third] [ezcol_1third_end]<span style=\"font-size: 12pt;\">Motiv Verortung<\/span><br \/>\n<em><span style=\"font-size: 10pt;\">(via GPS und Speicherung in einer Datenbank)<\/span><\/em>[\/ezcol_1third_end]<\/span><\/span><\/p>\n<p><span style=\"font-size: 10pt; font-family: arial,helvetica,sans-serif;\"><span style=\"font-size: 10pt;\"><span style=\"font-size: 12pt;\"><sup><a href=\"https:\/\/www.prohart.at\/\">&gt;back&lt;<\/a><\/sup><\/span><br \/>\n<\/span><\/span><\/p>\n<hr \/>\n<p><span style=\"font-size: 10pt; font-family: arial,helvetica,sans-serif;\"><span style=\"font-size: 12pt; color: #808080;\">[ezcol_1third]Zu Zeiten der <strong>Cine-Culture-Carinthia<\/strong> begann ich f\u00fcr Produktionen von <a style=\"color: #808080;\" href=\"http:\/\/www.star-film.com\/\">Rainhard Schwabenitzky<\/a> der <a style=\"color: #808080;\" title=\"epo-film\" href=\"www.epofilm.com\">Epo-Film<\/a> und der <a style=\"color: #808080;\" title=\"neue deutsche Filmgesellschaft\" href=\"http:\/\/http:\/\/www.ndf.de\/\">NDF<\/a> \u00a0 vermehrt\u00a0 im\u00a0 Bereich des Location-Managements zu arbeiten. Es m\u00fcssen aber nicht immer Gro\u00dfproduktionen sein die meine Dienste als Location-Manager in Anspruch nehmen, ich betreue nat\u00fcrlich auch kleine Doku-Drehs bei Aufnahmen in K\u00e4rnten.[\/ezcol_1third] [ezcol_1third]<strong>Mein Wissen<\/strong> rund um das Location-Service habe ich auch f\u00fcr die Diplomarbeit meines Studiums an der AAU Klagenfurt genutz und mit dem Thema <strong>&#8222;filmboard k\u00e4rnten&#8220;<\/strong>\u00a0\u00a0<sup> (Rahmenbedingungen f\u00fcr die Verbesserung der K\u00e4rntner Filmindustrie und der Schaffung einer K\u00e4rntner Filmf\u00f6rderung)<\/sup> eine wissenschaftliche Grundlage f\u00fcr die Schaffung einer Filmf\u00f6rderung in K\u00e4rnten erarbeitet.[\/ezcol_1third] [ezcol_1third_end]Mit der<strong> Fotografenmeisterpr\u00fcfung 2011<\/strong> erlangte ich\u00a0 Zugang zur K\u00e4rntner Fotografenszene, welche ihrer Seits immer wieder auf der Suche nach Motiven ist aber auch selber coole Locations kennen. Dadurch ist es mir m\u00f6glich rasch neue Motive zu finden. Meine\u00a0pers\u00f6nlichen <strong>Kontakte zu<\/strong> f\u00fchrenden <strong>Immobilien-Maklern in K\u00e4rnten<\/strong> erm\u00f6glicht mir dar\u00fcber hinaus den Zugang zu interessanten Innen-Motiven, auch wenn diese nicht in einem aktuellen Maklerangebot verzeichnet sind.[\/ezcol_1third_end]<\/span><br \/>\n<span style=\"font-size: 12pt;\"><sup> <a href=\"https:\/\/www.prohart.at\/\">&gt;back&lt;<\/a><\/sup><\/span><br \/>\n<\/span><\/p>\n","protected":false},"excerpt":{"rendered":"<p>Es war so gegen Ende der Neunziger, als ich das erste Mal auf einem echtem Filmset stand und dort mein t\u00e4glich Brot verdiente&#8230; Und wie so oft als Kabeltr\u00e4ger wurde ich auf Grund meiner technischen Ausbildung als Elekrotechniker bald Beleuchter und Produktionsassistent bei zahlreichen K\u00e4rntner\u00a0Film-Produktionen. [ezcol_1third] [\/ezcol_1third] [ezcol_1third] [\/ezcol_1third] [ezcol_1third_end] [\/ezcol_1third_end] Location-Service ist Organisation von: &hellip; <a href=\"https:\/\/www.prohart.at\/index.php\/location-management\/\" class=\"more-link\"><span class=\"screen-reader-text\">\u201eLocation-Service\u201c<\/span> weiterlesen<\/a><\/p>\n","protected":false},"author":2,"featured_media":0,"parent":0,"menu_order":0,"comment_status":"closed","ping_status":"closed","template":"","meta":{"footnotes":""},"class_list":["post-238","page","type-page","status-publish","hentry"],"_links":{"self":[{"href":"https:\/\/www.prohart.at\/index.php\/wp-json\/wp\/v2\/pages\/238","targetHints":{"allow":["GET"]}}],"collection":[{"href":"https:\/\/www.prohart.at\/index.php\/wp-json\/wp\/v2\/pages"}],"about":[{"href":"https:\/\/www.prohart.at\/index.php\/wp-json\/wp\/v2\/types\/page"}],"author":[{"embeddable":true,"href":"https:\/\/www.prohart.at\/index.php\/wp-json\/wp\/v2\/users\/2"}],"replies":[{"embeddable":true,"href":"https:\/\/www.prohart.at\/index.php\/wp-json\/wp\/v2\/comments?post=238"}],"version-history":[{"count":77,"href":"https:\/\/www.prohart.at\/index.php\/wp-json\/wp\/v2\/pages\/238\/revisions"}],"predecessor-version":[{"id":1127,"href":"https:\/\/www.prohart.at\/index.php\/wp-json\/wp\/v2\/pages\/238\/revisions\/1127"}],"wp:attachment":[{"href":"https:\/\/www.prohart.at\/index.php\/wp-json\/wp\/v2\/media?parent=238"}],"curies":[{"name":"wp","href":"https:\/\/api.w.org\/{rel}","templated":true}]}}