{"id":1137,"date":"2019-02-05T17:20:29","date_gmt":"2019-02-05T15:20:29","guid":{"rendered":"http:\/\/www.prohart.at\/wordpress\/?page_id=1137"},"modified":"2025-09-29T14:51:19","modified_gmt":"2025-09-29T12:51:19","slug":"one-minute-story","status":"publish","type":"page","link":"https:\/\/www.prohart.at\/","title":{"rendered":"One Minute Story"},"content":{"rendered":"<p><img loading=\"lazy\" decoding=\"async\" class=\"alignleft\" src=\"https:\/\/www.prohart.at\/wp-content\/uploads\/2019\/02\/ONE-MINUTE-2i-2.png\" width=\"128\" height=\"128\" \/><\/p>\n<p><span style=\"font-family: arial, helvetica, sans-serif; font-size: 18pt; color: #ff9900;\">Eine Video-Portraits Serie \u00fcber wunderbare herausragende Menschen deren Geschichten und Emotionen.<\/span><br \/>\n<span style=\"font-family: arial, helvetica, sans-serif; font-size: 18pt; color: #ff9900;\">Auf den Punkt erz\u00e4hlt in 60 Sekunden.<\/span><\/p>\n<div id=\"bc4ddWPyhA\" data-borlabs-cookie-blocked-content>\n<div class=\"borlabs-cookie-bct bc-bct-video bc-bct-youtube\">\n<p class=\"bc-thumbnail\"><img decoding=\"async\" src=\"https:\/\/www.prohart.at\/wp-content\/plugins\/borlabs-cookie\/images\/bct-no-thumbnail.png\" alt=\"YouTube\"><\/p>\n<div class=\"bc-text\">\n<p>Zum Schutz Ihrer pers\u00f6nlichen Daten ist die Verbindung zu YouTube blockiert worden.<br \/>Klicken Sie auf <strong>Video laden<\/strong>, um die Blockierung zu YouTube aufzuheben.<br \/>Durch das Laden des Videos akzeptieren Sie die Datenschutzbestimmungen von YouTube.<br \/>Mehr Informationen zum Datenschutz von YouTube finden Sie hier <a href=\"https:\/\/policies.google.com\/privacy?hl=de&amp;gl=de\" target=\"_blank\">Google &#8211; Datenschutzerkl\u00e4rung &amp; Nutzungsbedingungen<\/a>.<\/p>\n<p><label><input type=\"checkbox\" name=\"unblockAll\" value=\"1\" checked> YouTube Videos zuk\u00fcnftig nicht mehr blockieren.<\/label> <a role=\"button\" data-borlabs-cookie-unblock>Video laden<\/a><\/p>\n<\/p><\/div>\n<\/p><\/div>\n<\/div>\n<p><span style=\"font-family: arial, helvetica, sans-serif; font-size: 14pt;\">Patric Fohnen und Andreas Prohart begegnen in diesem Projekt Menschen mit Geschichte. Gehen ihren Erlebnissen, Emotionen und Erfahrungen auf den Grund. Egal ob Untenehmer, Musiker, K\u00fcnstler, Geistliche, Philosophen, Immigranten, u.a. <\/span><span style=\"font-family: arial, helvetica, sans-serif; font-size: 14pt;\">Jeder Mensch hat eine \/ seine ganz pers\u00f6nliche Geschichte oneminutstories.at gibt ihnen den Platz und das Podium diese zu erz\u00e4hlen wertfrei von Profession, Herkunft oder Ideologie.<\/span><\/p>\n<p><span style=\"font-family: arial, helvetica, sans-serif;\">\u00a0<\/span><span style=\"font-family: arial, helvetica, sans-serif; font-size: 18pt; color: #ff9900;\">Die Geschichtenerz\u00e4hler<\/span><\/p>\n<p><span style=\"font-family: arial, helvetica, sans-serif; font-size: 14pt;\">Kennengelernt bei der gemeinsamen Arbeit als Kameramann, Tontechniker, Redakteur und Gestalter haben wir bald gemeinsame Begeisterung f\u00fcr das Storytelling entdeckt. Andreas auf der Seite der Begegnung mit dem \u201eAlltagsheld Mensch\u201c. Patric mit der Herausforderung diese Menschen von der nat\u00fcrlichen Seite zu Videografieren ohne gro\u00dfen technischen Schnick Schnack, Make-Up und Co.. F<\/span><span style=\"font-family: arial, helvetica, sans-serif; font-size: 14pt;\">\u00fcr Uns z\u00e4hlt einzig und allein die Geschichte.<\/span><\/p>\n<p><span style=\"font-family: arial, helvetica, sans-serif; font-size: 14pt; color: #ff9900;\"><span style=\"font-size: 18pt;\">Haben Sie eine Geschichte zu erz\u00e4hlen?<\/span> <\/span><\/p>\n<p><span style=\"font-family: arial, helvetica, sans-serif; font-size: 14pt;\"><strong>Schreiben Sie uns in kurzen Stichworten worum es geht!<\/strong><\/span><\/p>\n<p style=\"text-align: left;\"><span style=\"font-family: arial, helvetica, sans-serif;\"><a href=\"mailto:redaktion@oneminutestory.at\"><span style=\"font-size: 14pt;\"><span style=\"font-size: 18pt;\"> Redaktion@OneMinutestory.at<\/span><\/span><\/a><\/span><\/p>\n<p><span style=\"font-family: arial, helvetica, sans-serif; font-size: 14pt;\">Die Umsetzung der Bewegtbildminute basiert auf einem einheitlichen Fragen-Katalog, dessen Struktur aus Joeph Campell\u00b4s Heldenreise stammt. <\/span><\/p>\n<p><span style=\"font-family: arial, helvetica, sans-serif; font-size: 14pt;\">Eine Produktion von k\u00fcrzeren \/ l\u00e4ngeren Formaten ist nat\u00fcrlich auch m\u00f6glich.<\/span><\/p>\n<p style=\"text-align: left;\"><a href=\"http:\/\/www.oneminutestory.at\"><span style=\"font-family: arial, helvetica, sans-serif; font-size: 18pt; color: #0000ff;\">www.oneminutestory.at<\/span><\/a><\/p>\n","protected":false},"excerpt":{"rendered":"<p>Eine Video-Portraits Serie \u00fcber wunderbare herausragende Menschen deren Geschichten und Emotionen. Auf den Punkt erz\u00e4hlt in 60 Sekunden. Zum Schutz Ihrer pers\u00f6nlichen Daten ist die Verbindung zu YouTube blockiert worden.Klicken Sie auf Video laden, um die Blockierung zu YouTube aufzuheben.Durch das Laden des Videos akzeptieren Sie die Datenschutzbestimmungen von YouTube.Mehr Informationen zum Datenschutz von YouTube &hellip; <a href=\"https:\/\/www.prohart.at\/\" class=\"more-link\"><span class=\"screen-reader-text\">\u201eOne Minute Story\u201c<\/span> weiterlesen<\/a><\/p>\n","protected":false},"author":2,"featured_media":0,"parent":0,"menu_order":0,"comment_status":"closed","ping_status":"closed","template":"","meta":{"footnotes":""},"class_list":["post-1137","page","type-page","status-publish","hentry"],"_links":{"self":[{"href":"https:\/\/www.prohart.at\/index.php\/wp-json\/wp\/v2\/pages\/1137","targetHints":{"allow":["GET"]}}],"collection":[{"href":"https:\/\/www.prohart.at\/index.php\/wp-json\/wp\/v2\/pages"}],"about":[{"href":"https:\/\/www.prohart.at\/index.php\/wp-json\/wp\/v2\/types\/page"}],"author":[{"embeddable":true,"href":"https:\/\/www.prohart.at\/index.php\/wp-json\/wp\/v2\/users\/2"}],"replies":[{"embeddable":true,"href":"https:\/\/www.prohart.at\/index.php\/wp-json\/wp\/v2\/comments?post=1137"}],"version-history":[{"count":35,"href":"https:\/\/www.prohart.at\/index.php\/wp-json\/wp\/v2\/pages\/1137\/revisions"}],"predecessor-version":[{"id":1369,"href":"https:\/\/www.prohart.at\/index.php\/wp-json\/wp\/v2\/pages\/1137\/revisions\/1369"}],"wp:attachment":[{"href":"https:\/\/www.prohart.at\/index.php\/wp-json\/wp\/v2\/media?parent=1137"}],"curies":[{"name":"wp","href":"https:\/\/api.w.org\/{rel}","templated":true}]}}