{"id":1018,"date":"2018-02-19T10:14:35","date_gmt":"2018-02-19T08:14:35","guid":{"rendered":"http:\/\/www.prohart.at\/wordpress\/?page_id=1018"},"modified":"2024-05-17T13:43:27","modified_gmt":"2024-05-17T11:43:27","slug":"datenschutz-nach-dsgvo","status":"publish","type":"page","link":"https:\/\/www.prohart.at\/index.php\/datenschutz-nach-dsgvo\/","title":{"rendered":"Datenschutz nach DSGVO"},"content":{"rendered":"<p><div data-borlabs-cookie-wrap=\"inline\" class=\"left\">\n    <div data-borlabs-cookie>\n        <p class=\"borlabsCookieHeadline\">Cookie-Einstellung<\/p>\n        <div data-borlabs-selection>\n            <p class=\"borlabsCookieExplanation\">Bitte treffen Sie eine Auswahl. Weitere Informationen zu den Auswirkungen Ihrer Auswahl finden Sie unter <span data-borlabs-cookie-help-link>Hilfe<\/span>.<\/p>\n            <div data-borlabs-selection-list>\n                <ul>\n                    <li class=\"cookieOption1\"><label for=\"borlabsCookieInlineOptionAll\"><input id=\"borlabsCookieInlineOptionAll\" type=\"radio\" name=\"cookieOption\" value=\"all\">Alle Cookies zulassen<\/label><\/li>\n                                        <li class=\"cookieOption2\"><label for=\"borlabsCookieInlineOptionFirstParty\"><input id=\"borlabsCookieInlineOptionFirstParty\" type=\"radio\" name=\"cookieOption\" value=\"first-party\">Nur First-Party-Cookies zulassen<\/label><\/li>\n                                        <li class=\"cookieOption3\"><label for=\"borlabsCookieInlineOptionRejectAll\"><input id=\"borlabsCookieInlineOptionRejectAll\" type=\"radio\" name=\"cookieOption\" value=\"reject-all\">Keine Cookies zulassen<\/label><\/li>\n                                    <\/ul>\n                <div data-borlabs-selection-success>\n                    <p class=\"borlabsCookieSuccess\">Ihre Auswahl wurde gespeichert!<\/p>\n                <\/div>\n            <\/div>\n            <p class=\"borlabsCookieText\" data-borlabs-cookie-help-link>Hilfe<\/p>\n        <\/div>\n        <div data-borlabs-help>\n            <p class=\"borlabsCookieSubHeadline\">Hilfe<\/p>\n            <p>Um fortfahren zu k\u00f6nnen, m\u00fcssen Sie eine Cookie-Auswahl treffen. Nachfolgend erhalten Sie eine Erl\u00e4uterung der verschiedenen Optionen und ihrer Bedeutung.<\/p>\n            <ul>\n                <li><span>Alle Cookies zulassen<\/span>:<br>Jedes Cookie wie z.B. Tracking- und Analytische-Cookies.<\/li>\n                                <li><span>Nur First-Party-Cookies zulassen<\/span>:<br>Nur Cookies von dieser Webseite.<\/li>\n                                <li><span>Keine Cookies zulassen<\/span>:<br>Es werden keine Cookies gesetzt, es sei denn, es handelt sich um technisch notwendige Cookies.<\/li>\n                            <\/ul>\n            <p>Sie k\u00f6nnen Ihre Cookie-Einstellung jederzeit hier \u00e4ndern: <a href=\"https:\/\/www.prohart.at\/wordpress\/index.php\/datenschutz-nach-dsgvo\/\">Datenschutz nach DSGVO<\/a>. <a href=\"https:\/\/www.prohart.at\/wordpress\/index.php\/impressum-2107\/\">Impressum<\/a><\/p>\n            <p class=\"borlabsCookieText\" data-borlabs-cookie-help-link>Zur\u00fcck<\/p>\n        <\/div>\n    <\/div>\n<\/div><\/p>\n<p><span style=\"font-family: arial, helvetica, sans-serif; font-size: 12pt;\"><strong>Mag. Andreas W. Prohart<\/strong> agiert sowohl unter seinem eigenen Namen als auch unter dem Namen seiner Labels <strong>\u201eoneMINUTEstory<\/strong>\u201c,<strong>minuteplus und CONTENTBAUER<\/strong>. Im Folgenden wirden alle 4 Domains (einschlie\u00dflich prohart.at) gleichgesetzt, sodass alle untenstehenden Themen betreffend Datenschutz sowohl mit Mag. Andreas W. Prohart als auch oneMINUTEstory gleichlautend vollinhaltlich gelten.<\/span><\/p>\n<p><span style=\"font-size: 12pt;\"><em><span style=\"font-family: arial, helvetica, sans-serif;\"><strong>Datenschutzverantwortliche Person:<\/strong><br \/>\nMag. Andreas Prohart \u25e6 Siebenh\u00fcgelstra\u00dfe 152 A \u25e6 9020 Klagenfurt \u25e6 +436643506069 \u25e6 <a href=\"mailto:welcome@prohart.at\">welcome@prohart.at<\/a><\/span><\/em><\/span><\/p>\n<p><span style=\"text-decoration: underline; font-size: 12pt;\"><span style=\"font-family: arial, helvetica, sans-serif;\">Wir legen gro\u00dfen Wert auf den Schutz Ihrer Daten. Um Sie in vollem Umfang \u00fcber die Verwendung personenbezogener Daten zu informieren, bitten wir Sie die folgenden Datenschutzhinweise zur Kenntnis zu nehmen.<\/span><\/span><\/p>\n<p><span style=\"text-decoration: underline; font-size: 12pt;\"><span style=\"font-family: arial, helvetica, sans-serif;\">Wir weisen darauf hin, dass die internetbasierte Daten\u00fcbertragung Sicherheitsl\u00fccken aufweist, ein l\u00fcckenloser Schutz vor Zugriffen durch Dritte somit unm\u00f6glich ist.<\/span><\/span><\/p>\n<p><span style=\"font-size: 12pt; font-family: arial, helvetica, sans-serif;\"><strong>Pers\u00f6nliche Daten<\/strong><\/span><\/p>\n<p><span style=\"font-size: 12pt;\"><em><span style=\"font-family: arial, helvetica, sans-serif;\">Pers\u00f6nliche Daten, wie zum Beispiel Name, E-Mail-Adresse, Adresse oder andere pers\u00f6nlichen Angaben, werden von uns nur zum jeweils angegebenen Zweck verwendet, sicher verwahrt und nicht an Dritte weitergegeben. <\/span><\/em><\/span><\/p>\n<p><span style=\"font-size: 12pt; font-family: arial, helvetica, sans-serif;\">Der Provider erhebt und speichert automatisch Informationen am Webserver wie verwendeter Browser, Betriebssystem, Verweisseite, IP-Adresse, Uhrzeit des Zugriffs usw. Diese Daten k\u00f6nnen ohne Pr\u00fcfung weiterer Datenquellen keinen bestimmten Personen zugeordnet werden und wir werten diese Daten auch nicht weiter aus solange keine rechtswidrige Nutzung unserer Webseite vorliegt.<br \/>\n<\/span><\/p>\n<p><span style=\"font-size: 12pt;\"><strong><span style=\"font-family: arial, helvetica, sans-serif;\">Kontakt mit uns<\/span><\/strong><\/span><\/p>\n<p><span style=\"font-family: arial, helvetica, sans-serif; font-size: 12pt;\">Wenn Sie per\u00a0 E-Mail\u00a0 ( z.B. Direkt-Link auf prohart.at),\u00a0Kontakt mit uns aufnehmen, werden Ihre angegebenen Daten zwecks Bearbeitung der Anfrage und f\u00fcr den Fall von Anschlussfragen sechs Monate bei uns gespeichert. Diese Daten geben wir nicht ohne Ihre Einwilligung weiter. <\/span><\/p>\n<p><span style=\"font-size: 12pt; font-family: arial, helvetica, sans-serif;\"><strong>Cookies<\/strong><\/span><\/p>\n<p><span style=\"font-size: 12pt; font-family: arial, helvetica, sans-serif;\">Cookies sind kleine Dateien, die es dieser Webseite erm\u00f6glichen auf dem Computer des Besuchers spezifische, auf den Nutzer bezogene Informationen zu speichern, w\u00e4hrend unsere Website besucht wird. Cookies helfen uns dabei, die Nutzungsh\u00e4ufigkeit und die Anzahl der Nutzer unserer Internetseiten zu ermitteln, sowie unsere Angebote f\u00fcr Sie komfortabel und effizient zu gestalten. Wir verwenden einerseits Session-Cookies, die ausschlie\u00dflich f\u00fcr die Dauer Ihrer Nutzung unserer Website zwischengespeichert werden und zum anderen permanente Cookies, um Informationen \u00fcber Besucher festzuhalten, die wiederholt auf unsere Website zugreifen. Der Zweck des Einsatzes dieser Cookies besteht darin, eine optimale Benutzerf\u00fchrung anbieten zu k\u00f6nnen sowie Besucher wiederzuerkennen und bei wiederholter Nutzung eine m\u00f6glichst attraktive Website und interessante Inhalte pr\u00e4sentieren zu k\u00f6nnen. Der Inhalt eines permanenten Cookies beschr\u00e4nkt sich auf eine Identifikationsnummer. Name, IP-Adresse usw. werden nicht gespeichert. Eine Einzelprofilbildung \u00fcber Ihr Nutzungsverhalten findet nicht statt. Eine Nutzung unserer Angebote ist auch ohne Cookies m\u00f6glich. Sie k\u00f6nnen in Ihrem Browser das Speichern von Cookies deaktivieren, auf bestimmte Webseiten beschr\u00e4nken oder Ihren Webbrowser (Chrome, IE, Firefox,\u2026) so einstellen, dass er sie benachrichtigt, sobald ein Cookie gesendet wird. Sie k\u00f6nnen Cookies auch jederzeit von der Festplatte ihres PC l\u00f6schen. Bitte beachten Sie aber, dass Sie in diesem Fall mit einer eingeschr\u00e4nkten Darstellung der Seite und mit einer eingeschr\u00e4nkten Benutzerf\u00fchrung rechnen m\u00fcssen.<\/span><\/p>\n<p><span style=\"font-size: 12pt; font-family: arial, helvetica, sans-serif;\"><strong>Einsatz von YouTube-Komponenten mit erweitertem Datenschutzmodus<sup>*<\/sup><\/strong><\/span><\/p>\n<p><span style=\"font-size: 12pt; font-family: arial, helvetica, sans-serif;\">Auf www.prohart.at werden Komponenten (Videos) des Unternehmens YouTube, LLC 901 Cherry Ave., 94066 San Bruno, CA, USA, einem Unternehmen der Google Inc., Amphitheatre Parkway, Mountain View, CA 94043, USA, eingesetzt.<\/span><\/p>\n<p><span style=\"font-size: 12pt; font-family: arial, helvetica, sans-serif;\">Hierbei nutzen wir die von YouTube zur Verf\u00fcgung gestellte Option &#8220; &#8211; erweiterter Datenschutzmodus &#8211; &#8222;.<\/span><\/p>\n<p><span style=\"font-size: 12pt; font-family: arial, helvetica, sans-serif;\">Wenn Sie eine Seite aufrufen, die \u00fcber ein eingebettetes Video verf\u00fcgt, wird eine Verbindung zu den YouTube-Servern hergestellt und dabei der Inhalt durch Mitteilung an Ihren Browser auf der Internetseite dargestellt.<\/span><\/p>\n<p><span style=\"font-size: 12pt; font-family: arial, helvetica, sans-serif;\">Laut den Angaben von YouTube werden im &#8220; &#8211; erweiterten Datenschutzmodus -&#8220; nur Daten an den YouTube-Server \u00fcbermittelt, insbesondere welche unserer Internetseiten Sie besucht haben, wenn Sie das Video anschauen. Sind Sie gleichzeitig bei YouTube eingeloggt, werden diese Informationen Ihrem Mitgliedskonto bei YouTube zugeordnet. Dies k\u00f6nnen Sie verhindern, indem Sie sich vor dem Besuch unserer Website von Ihrem Mitgliedskonto abmelden.<\/span><\/p>\n<p><span style=\"font-size: 12pt; font-family: arial, helvetica, sans-serif;\">Weitere Informationen zum Datenschutz von YouTube werden von Google unter dem folgenden Link bereitgestellt:<\/span><\/p>\n<p><span style=\"font-size: 12pt; font-family: arial, helvetica, sans-serif;\"><a href=\"https:\/\/www.google.de\/intl\/de\/policies\/privacy\/\">https:\/\/www.google.de\/intl\/de\/policies\/privacy\/<\/a><\/span><\/p>\n<p><span style=\"font-size: 12pt; font-family: arial, helvetica, sans-serif;\"><strong>Datenschutzerkl\u00e4rung f\u00fcr die Nutzung von\u00a0<\/strong><strong> Vimeo-Komponenten <sup>**<\/sup><\/strong><\/span><\/p>\n<p><span style=\"font-size: 12pt; font-family: arial, helvetica, sans-serif;\">Wir setzen auf unserer Seite Komponenten des Anbieters Vimeo ein. \u00a0Vimeo ist ein Service der Vimeo LCC, 555 West 18th Street, New York, New York 10011, USA. Bei jedem einzelnen Abruf unserer Webseite, die mit einer solchen Komponente ausgestattet ist, veranlasst diese Komponente, dass der von Ihnen verwendete Browser eine entsprechende Darstellung der Komponente von Vimeo herunterl\u00e4dt. Wenn Sie unsere Seite aufrufen und w\u00e4hrenddessen bei Vimeo eingeloggt sind, erkennt Vimeo durch die von der Komponente gesammelten Informationen, welche konkrete Seite Sie besuchen und ordnet diese Informationen Ihrem pers\u00f6nlichen Account bei Vimeo zu. Klicken Sie z.B. den \u201ePlay\u201c-Button an oder geben Sie entsprechende Kommentare ab, werden diese Informationen an Ihr pers\u00f6nliches Benutzerkonto bei Vimeo \u00fcbermittelt und dort gespeichert. Dar\u00fcber hinaus wird die Information, dass Sie unsere Seite besucht haben, an Vimeo weitergegeben. Dies geschieht unabh\u00e4ngig davon, ob Sie z.B. die Komponente anklicken\/Kommentare abgeben oder nicht.<\/span><\/p>\n<p><span style=\"font-size: 12pt; font-family: arial, helvetica, sans-serif;\">Wenn Sie diese \u00dcbermittlung und Speicherung von Daten \u00fcber Sie und Ihr Verhalten auf unserer Webseite durch Vimeo unterbinden wollen, m\u00fcssen Sie sich bei Vimeo ausloggen und zwar bevor Sie unsere Seite besuchen. Die Datenschutzhinweise von Vimeo geben hierzu n\u00e4here Informationen, insbesondere zur Erhebung und Nutzung der Daten durch Vimeo: <a href=\"https:\/\/vimeo.com\/privacy\">https:\/\/vimeo.com\/privacy<\/a>\u00a0<\/span><\/p>\n<p><span style=\"font-size: 12pt;\"><strong><span style=\"font-family: arial, helvetica, sans-serif;\">Datenschutzerkl\u00e4rung f\u00fcr die Nutzung von Flickr-Komponenten<\/span><\/strong><\/span><\/p>\n<p><span style=\"font-size: 12pt; font-family: arial, helvetica, sans-serif;\">Auf www. Prohart.at werden Inhalte vom Bildverwaltungsdienst Flickr.com eingebunden, welche von Oath (EMEA) Limited (vormals als Yahoo! EMEA Limited bezeichnet) 5-7 Point Square, North Wall Quay Dublin 1 Irland \u2013 Ireland betreiben wird. <\/span><br \/>\n<span style=\"font-size: 12pt; font-family: arial, helvetica, sans-serif;\"> Die Einbindung erfolgt in Form einer Verlinkung eines Slideshow-Plugins \u201eOn Flickr\u201c, dem Flickr Logo oder dem Text \u201eFlickr\u201c. <\/span><\/p>\n<p><span style=\"font-size: 12pt; font-family: arial, helvetica, sans-serif;\">Bei Aufruf einer Verlinkung auf www.prohart.at mit den Servern von Flickr, baut ihr Browser einen direkten Kontakt zu Flickr auf. Die Inhalte es Plugins werden direkt an ihren Browser \u00fcbermittelt und von dort in die Webseite eingebunden. <\/span><br \/>\n<span style=\"font-size: 12pt; font-family: arial, helvetica, sans-serif;\"> Durch die Einbindung der Plugins erh\u00e4lt Oath Limited, die Information, dass sie sich \u00fcber eine unserer Seiten auf www.prohat.at mit flickr.com verbunden haben.<br \/>\n<\/span><\/p>\n<p><span style=\"font-size: 12pt; font-family: arial, helvetica, sans-serif;\">Sind sie bei Yahoo \/ Flickr eingeloggt, kann Ihr Besuch, durch Yahoo \/ Oath Limited, Ihrem Yahoo-Konto zugordnet werden. Wenn Sie mit dem Inhalt interagieren, wird die entsprechende Information von Ihrem Browser direkt an Flickr \u00fcbermittelt und dort gespeichert. Dies k\u00f6nnen Sie verhindern, indem Sie sich vor dem Besuch unserer Website von Ihrem\u00a0Yahoo \/ Flickr &#8211; Mitgliedskonto abmelden.<\/span><\/p>\n<p><span style=\"font-size: 12pt; font-family: arial, helvetica, sans-serif;\">Zweck und Umfang der Datenerhebung und die weitere Verarbeitung und Nutzung der Daten durch Yahoo sowie Ihre diesbez\u00fcglichen Rechte zum Schutz Ihrer Privatssph\u00e4re entnehmen Sie bitte den\u00a0<a href=\"http:\/\/info.yahoo.com\/privacy\/de\/yahoo\/details.html\">Datenschutzhinweisen von Yahoo<\/a><\/span><\/p>\n<p><span style=\"font-size: 12pt; font-family: arial, helvetica, sans-serif;\"><strong>Datenschutzerkl\u00e4rung f\u00fcr die Nutzung von\u00a0<\/strong><strong> Instagram <sup>***<\/sup><\/strong><\/span><\/p>\n<p><span style=\"font-size: 12pt; font-family: arial, helvetica, sans-serif;\">Wir setzen auf unserer Website den Dienst Instagram ein. Instagram ist ein Service der Instagram Inc. Durch den eingebundenen \u201eInsta\u201c-Button auf unsere Seite erh\u00e4lt Instagram die Information, dass Sie die entsprechende Seite unseres Internetauftritts aufgerufen haben. Sind Sie bei Instagram eingeloggt, kann Instagram diesen Besuch auf unserer Seite Ihrem Instagram -Konto zuordnen und die Daten somit verkn\u00fcpfen. Die durch Anklicken des \u201eInsta\u201c-Buttons \u00fcbermittelten Daten werden von Instagram gespeichert. Zu Zweck und Umfang der Datenerhebung, deren Verarbeitung und Nutzung sowie Ihren diesbez\u00fcglichen Rechten und Einstellungsm\u00f6glichkeiten zum Schutz Ihrer Privatsph\u00e4re erhalten Sie weitere Informationen in den Instagram -Datenschutzhinweisen, die Sie \u00fcber <a href=\"https:\/\/help.instagram.com\/155833707900388\">https:\/\/help.instagram.com\/155833707900388<\/a> abrufen k\u00f6nnen.<br \/>\n<\/span><\/p>\n<p><span style=\"font-size: 12pt; font-family: arial, helvetica, sans-serif;\">Um zu verhindern, dass Instagram den Besuch unserer Seite Ihrem Instagram-Konto zuordnen kann, m\u00fcssen Sie sich vor dem Besuch unserer Seite von Ihrem Instagram-Account abmelden.\u00a0<\/span><\/p>\n<p><span style=\"font-size: 12pt; font-family: arial, helvetica, sans-serif;\"><strong>Auskunftsrecht<\/strong><\/span><\/p>\n<p><span style=\"font-size: 12pt; font-family: arial, helvetica, sans-serif;\">Sie haben jederzeit das Recht auf Auskunft \u00fcber die bez\u00fcglich Ihrer Person gespeicherten Daten, deren Herkunft und Empf\u00e4nger sowie den Zweck der Speicherung.<\/span><\/p>\n<p><span style=\"font-size: 12pt; font-family: arial, helvetica, sans-serif;\"><sup>*\/**\/***aus <a href=\"https:\/\/www.ratgeberrecht.eu\/leistungen\/muster-datenschutzerklaerung.html\">Muster-Datenschutzerkl\u00e4rung<\/a> der <a href=\"https:\/\/www.ratgeberrecht.eu\/\">Anwaltskanzlei Wei\u00df &amp; Partner<\/a><\/sup><\/span><\/p>\n","protected":false},"excerpt":{"rendered":"<p>Mag. Andreas W. Prohart agiert sowohl unter seinem eigenen Namen als auch unter dem Namen seiner Labels \u201eoneMINUTEstory\u201c,minuteplus und CONTENTBAUER. Im Folgenden wirden alle 4 Domains (einschlie\u00dflich prohart.at) gleichgesetzt, sodass alle untenstehenden Themen betreffend Datenschutz sowohl mit Mag. Andreas W. Prohart als auch oneMINUTEstory gleichlautend vollinhaltlich gelten. Datenschutzverantwortliche Person: Mag. Andreas Prohart \u25e6 Siebenh\u00fcgelstra\u00dfe 152 &hellip; <a href=\"https:\/\/www.prohart.at\/index.php\/datenschutz-nach-dsgvo\/\" class=\"more-link\"><span class=\"screen-reader-text\">\u201eDatenschutz nach DSGVO\u201c<\/span> weiterlesen<\/a><\/p>\n","protected":false},"author":2,"featured_media":0,"parent":0,"menu_order":0,"comment_status":"closed","ping_status":"closed","template":"","meta":{"footnotes":""},"class_list":["post-1018","page","type-page","status-publish","hentry"],"_links":{"self":[{"href":"https:\/\/www.prohart.at\/index.php\/wp-json\/wp\/v2\/pages\/1018","targetHints":{"allow":["GET"]}}],"collection":[{"href":"https:\/\/www.prohart.at\/index.php\/wp-json\/wp\/v2\/pages"}],"about":[{"href":"https:\/\/www.prohart.at\/index.php\/wp-json\/wp\/v2\/types\/page"}],"author":[{"embeddable":true,"href":"https:\/\/www.prohart.at\/index.php\/wp-json\/wp\/v2\/users\/2"}],"replies":[{"embeddable":true,"href":"https:\/\/www.prohart.at\/index.php\/wp-json\/wp\/v2\/comments?post=1018"}],"version-history":[{"count":17,"href":"https:\/\/www.prohart.at\/index.php\/wp-json\/wp\/v2\/pages\/1018\/revisions"}],"predecessor-version":[{"id":1361,"href":"https:\/\/www.prohart.at\/index.php\/wp-json\/wp\/v2\/pages\/1018\/revisions\/1361"}],"wp:attachment":[{"href":"https:\/\/www.prohart.at\/index.php\/wp-json\/wp\/v2\/media?parent=1018"}],"curies":[{"name":"wp","href":"https:\/\/api.w.org\/{rel}","templated":true}]}}